{"id":2630,"date":"2026-01-07T12:10:03","date_gmt":"2026-01-07T11:10:03","guid":{"rendered":"https:\/\/www.pgweb-formation.com\/exemple-site\/?page_id=2630"},"modified":"2026-01-28T11:54:19","modified_gmt":"2026-01-28T10:54:19","slug":"collection-homme","status":"publish","type":"page","link":"https:\/\/www.pgweb-formation.com\/exemple-site\/collection-homme\/","title":{"rendered":"Collection Hommes"},"content":{"rendered":"\t\t<div data-elementor-type=\"wp-page\" data-elementor-id=\"2630\" class=\"elementor elementor-2630\">\n\t\t\t\t<div class=\"elementor-element elementor-element-79332ee2 e-con-full e-flex wpr-particle-no wpr-jarallax-no wpr-parallax-no wpr-sticky-section-no elementor-invisible e-con e-parent\" data-id=\"79332ee2\" data-element_type=\"container\" data-e-type=\"container\" data-settings=\"{&quot;background_background&quot;:&quot;classic&quot;,&quot;animation&quot;:&quot;fadeIn&quot;}\">\n\t\t\t\t<div class=\"elementor-element elementor-element-ce2860e elementor-widget elementor-widget-page-title\" data-id=\"ce2860e\" data-element_type=\"widget\" data-e-type=\"widget\" data-settings=\"{&quot;align&quot;:&quot;center&quot;}\" data-widget_type=\"page-title.default\">\n\t\t\t\t<div class=\"elementor-widget-container\">\n\t\t\t\t\t\t\t\n\t\t<div class=\"hfe-page-title hfe-page-title-wrapper elementor-widget-heading\">\n\n\t\t\t\t\t\t\t\t\t\t\t<a href=\"https:\/\/www.pgweb-formation.com\/exemple-site\">\n\t\t\t\t\t\t<h1 class=\"elementor-heading-title elementor-size-default\">\n\t\t\t\t\t\t\t\t\n\t\t\t\tCollection Hommes  \n\t\t\t<\/h1 > \n\t\t\t\t\t\t\t\t\t<\/a>\n\t\t\t\t\t<\/div>\n\t\t\t\t\t\t<\/div>\n\t\t\t\t<\/div>\n\t\t\t\t<\/div>\n\t\t<div class=\"elementor-element elementor-element-52c8e0f e-flex e-con-boxed wpr-particle-no wpr-jarallax-no wpr-parallax-no wpr-sticky-section-no e-con e-parent\" data-id=\"52c8e0f\" data-element_type=\"container\" data-e-type=\"container\">\n\t\t\t\t\t<div class=\"e-con-inner\">\n\t\t\t\t<div class=\"elementor-element elementor-element-5322434 elementor-widget elementor-widget-image\" data-id=\"5322434\" data-element_type=\"widget\" data-e-type=\"widget\" data-widget_type=\"image.default\">\n\t\t\t\t<div class=\"elementor-widget-container\">\n\t\t\t\t\t\t\t\t\t\t\t\t\t\t\t<img fetchpriority=\"high\" decoding=\"async\" width=\"800\" height=\"267\" src=\"https:\/\/www.pgweb-formation.com\/exemple-site\/wp-content\/uploads\/2026\/01\/H_sportswear.jpg\" class=\"attachment-large size-large wp-image-2622\" alt=\"\" srcset=\"https:\/\/www.pgweb-formation.com\/exemple-site\/wp-content\/uploads\/2026\/01\/H_sportswear.jpg 900w, https:\/\/www.pgweb-formation.com\/exemple-site\/wp-content\/uploads\/2026\/01\/H_sportswear-600x200.jpg 600w, https:\/\/www.pgweb-formation.com\/exemple-site\/wp-content\/uploads\/2026\/01\/H_sportswear-300x100.jpg 300w, https:\/\/www.pgweb-formation.com\/exemple-site\/wp-content\/uploads\/2026\/01\/H_sportswear-768x256.jpg 768w\" sizes=\"(max-width: 800px) 100vw, 800px\" \/>\t\t\t\t\t\t\t\t\t\t\t\t\t\t\t<\/div>\n\t\t\t\t<\/div>\n\t\t\t\t\t<\/div>\n\t\t\t\t<\/div>\n\t\t<div class=\"elementor-element elementor-element-568d5fb e-flex e-con-boxed wpr-particle-no wpr-jarallax-no wpr-parallax-no wpr-sticky-section-no e-con e-parent\" data-id=\"568d5fb\" data-element_type=\"container\" data-e-type=\"container\">\n\t\t\t\t\t<div class=\"e-con-inner\">\n\t\t\t\t<div class=\"elementor-element elementor-element-e0facfd elementor-widget elementor-widget-heading\" data-id=\"e0facfd\" data-element_type=\"widget\" data-e-type=\"widget\" data-widget_type=\"heading.default\">\n\t\t\t\t<div class=\"elementor-widget-container\">\n\t\t\t\t\t<h2 class=\"elementor-heading-title elementor-size-default\">Les accessoires<\/h2>\t\t\t\t<\/div>\n\t\t\t\t<\/div>\n\t\t\t\t\t<\/div>\n\t\t\t\t<\/div>\n\t\t<div class=\"elementor-element elementor-element-0facf80 e-flex e-con-boxed wpr-particle-no wpr-jarallax-no wpr-parallax-no wpr-sticky-section-no e-con e-parent\" data-id=\"0facf80\" data-element_type=\"container\" data-e-type=\"container\">\n\t\t\t\t\t<div class=\"e-con-inner\">\n\t\t\t\t<div class=\"elementor-element elementor-element-441e262 elementor-widget elementor-widget-image\" data-id=\"441e262\" data-element_type=\"widget\" data-e-type=\"widget\" data-widget_type=\"image.default\">\n\t\t\t\t<div class=\"elementor-widget-container\">\n\t\t\t\t\t\t\t\t\t\t\t\t\t\t\t<img decoding=\"async\" width=\"800\" height=\"268\" src=\"https:\/\/www.pgweb-formation.com\/exemple-site\/wp-content\/uploads\/2026\/01\/marques.jpg\" class=\"attachment-large size-large wp-image-2627\" alt=\"\" srcset=\"https:\/\/www.pgweb-formation.com\/exemple-site\/wp-content\/uploads\/2026\/01\/marques.jpg 900w, https:\/\/www.pgweb-formation.com\/exemple-site\/wp-content\/uploads\/2026\/01\/marques-600x201.jpg 600w, https:\/\/www.pgweb-formation.com\/exemple-site\/wp-content\/uploads\/2026\/01\/marques-300x100.jpg 300w, https:\/\/www.pgweb-formation.com\/exemple-site\/wp-content\/uploads\/2026\/01\/marques-768x257.jpg 768w\" sizes=\"(max-width: 800px) 100vw, 800px\" \/>\t\t\t\t\t\t\t\t\t\t\t\t\t\t\t<\/div>\n\t\t\t\t<\/div>\n\t\t\t\t\t<\/div>\n\t\t\t\t<\/div>\n\t\t<div class=\"elementor-element elementor-element-f5a814e e-flex e-con-boxed wpr-particle-no wpr-jarallax-no wpr-parallax-no wpr-sticky-section-no e-con e-parent\" data-id=\"f5a814e\" data-element_type=\"container\" data-e-type=\"container\">\n\t\t\t\t\t<div class=\"e-con-inner\">\n\t\t\t\t<div class=\"elementor-element elementor-element-38901cd elementor-widget elementor-widget-heading\" data-id=\"38901cd\" data-element_type=\"widget\" data-e-type=\"widget\" data-widget_type=\"heading.default\">\n\t\t\t\t<div class=\"elementor-widget-container\">\n\t\t\t\t\t<h2 class=\"elementor-heading-title elementor-size-default\">La boutique Homme<\/h2>\t\t\t\t<\/div>\n\t\t\t\t<\/div>\n\t\t\t\t\t<\/div>\n\t\t\t\t<\/div>\n\t\t<div class=\"elementor-element elementor-element-7c4e9b2 e-flex e-con-boxed wpr-particle-no wpr-jarallax-no wpr-parallax-no wpr-sticky-section-no e-con e-parent\" data-id=\"7c4e9b2\" data-element_type=\"container\" data-e-type=\"container\">\n\t\t\t\t\t<div class=\"e-con-inner\">\n\t\t\t\t<div class=\"elementor-element elementor-element-4da7d34 elementor-widget elementor-widget-shortcode\" data-id=\"4da7d34\" data-element_type=\"widget\" data-e-type=\"widget\" data-widget_type=\"shortcode.default\">\n\t\t\t\t<div class=\"elementor-widget-container\">\n\t\t\t\t\t\t\t<div class=\"elementor-shortcode\"><div class=\"woocommerce columns-4 \"><ul class=\"products columns-4\">\n<li class=\"product type-product post-2916 status-publish first instock product_cat-homme has-post-thumbnail shipping-taxable purchasable product-type-simple\">\n\t<a href=\"https:\/\/www.pgweb-formation.com\/exemple-site\/produit\/blue-hoodie\/\" class=\"woocommerce-LoopProduct-link woocommerce-loop-product__link\"><img decoding=\"async\" width=\"300\" height=\"300\" src=\"https:\/\/www.pgweb-formation.com\/exemple-site\/wp-content\/uploads\/2026\/01\/product-hoodie2-300x300.jpg\" class=\"attachment-woocommerce_thumbnail size-woocommerce_thumbnail\" alt=\"Blue Hoodie\" srcset=\"https:\/\/www.pgweb-formation.com\/exemple-site\/wp-content\/uploads\/2026\/01\/product-hoodie2-300x300.jpg 300w, https:\/\/www.pgweb-formation.com\/exemple-site\/wp-content\/uploads\/2026\/01\/product-hoodie2-100x100.jpg 100w, https:\/\/www.pgweb-formation.com\/exemple-site\/wp-content\/uploads\/2026\/01\/product-hoodie2-600x600.jpg 600w, https:\/\/www.pgweb-formation.com\/exemple-site\/wp-content\/uploads\/2026\/01\/product-hoodie2-1024x1024.jpg 1024w, https:\/\/www.pgweb-formation.com\/exemple-site\/wp-content\/uploads\/2026\/01\/product-hoodie2-150x150.jpg 150w, https:\/\/www.pgweb-formation.com\/exemple-site\/wp-content\/uploads\/2026\/01\/product-hoodie2-768x768.jpg 768w, https:\/\/www.pgweb-formation.com\/exemple-site\/wp-content\/uploads\/2026\/01\/product-hoodie2.jpg 1200w\" sizes=\"(max-width: 300px) 100vw, 300px\" \/><h2 class=\"woocommerce-loop-product__title\">Blue Hoodie<\/h2>\n\t<span class=\"price\"><span class=\"woocommerce-Price-amount amount\"><bdi>180,00&nbsp;<span class=\"woocommerce-Price-currencySymbol\">&euro;<\/span><\/bdi><\/span><\/span>\n<\/a><a href=\"\/exemple-site\/wp-json\/wp\/v2\/pages\/2630?add-to-cart=2916\" aria-describedby=\"woocommerce_loop_add_to_cart_link_describedby_2916\" data-quantity=\"1\" class=\"button product_type_simple add_to_cart_button ajax_add_to_cart\" data-product_id=\"2916\" data-product_sku=\"\" aria-label=\"Ajouter au panier\u00a0: &ldquo;Blue Hoodie&rdquo;\" rel=\"nofollow\" data-success_message=\"\u00ab\u00a0Blue Hoodie\u00a0\u00bb a \u00e9t\u00e9 ajout\u00e9 \u00e0 votre panier\" role=\"button\">Ajouter au panier<\/a>\t<span id=\"woocommerce_loop_add_to_cart_link_describedby_2916\" class=\"screen-reader-text\">\n\t\t\t<\/span>\n<\/li>\n<li class=\"product type-product post-2894 status-publish instock product_cat-femme product_cat-homme has-post-thumbnail shipping-taxable purchasable product-type-variable\">\n\t<a href=\"https:\/\/www.pgweb-formation.com\/exemple-site\/produit\/blue-tshirt\/\" class=\"woocommerce-LoopProduct-link woocommerce-loop-product__link\"><img loading=\"lazy\" decoding=\"async\" width=\"300\" height=\"300\" src=\"https:\/\/www.pgweb-formation.com\/exemple-site\/wp-content\/uploads\/2026\/01\/tshirt2-300x300.jpg\" class=\"attachment-woocommerce_thumbnail size-woocommerce_thumbnail\" alt=\"Blue Tshirt\" srcset=\"https:\/\/www.pgweb-formation.com\/exemple-site\/wp-content\/uploads\/2026\/01\/tshirt2-300x300.jpg 300w, https:\/\/www.pgweb-formation.com\/exemple-site\/wp-content\/uploads\/2026\/01\/tshirt2-100x100.jpg 100w, https:\/\/www.pgweb-formation.com\/exemple-site\/wp-content\/uploads\/2026\/01\/tshirt2-600x600.jpg 600w, https:\/\/www.pgweb-formation.com\/exemple-site\/wp-content\/uploads\/2026\/01\/tshirt2-1024x1024.jpg 1024w, https:\/\/www.pgweb-formation.com\/exemple-site\/wp-content\/uploads\/2026\/01\/tshirt2-150x150.jpg 150w, https:\/\/www.pgweb-formation.com\/exemple-site\/wp-content\/uploads\/2026\/01\/tshirt2-768x768.jpg 768w, https:\/\/www.pgweb-formation.com\/exemple-site\/wp-content\/uploads\/2026\/01\/tshirt2.jpg 1200w\" sizes=\"(max-width: 300px) 100vw, 300px\" \/><h2 class=\"woocommerce-loop-product__title\">Blue Tshirt<\/h2>\n\t<span class=\"price\"><span class=\"woocommerce-Price-amount amount\" aria-hidden=\"true\"><bdi>135,00&nbsp;<span class=\"woocommerce-Price-currencySymbol\">&euro;<\/span><\/bdi><\/span> <span aria-hidden=\"true\">\u00a0\u2013\u00a0<\/span> <span class=\"woocommerce-Price-amount amount\" aria-hidden=\"true\"><bdi>155,00&nbsp;<span class=\"woocommerce-Price-currencySymbol\">&euro;<\/span><\/bdi><\/span><span class=\"screen-reader-text\">Plage de prix\u00a0: 135,00&nbsp;&euro; \u00e0 155,00&nbsp;&euro;<\/span><\/span>\n<\/a><a href=\"https:\/\/www.pgweb-formation.com\/exemple-site\/produit\/blue-tshirt\/\" aria-describedby=\"woocommerce_loop_add_to_cart_link_describedby_2894\" data-quantity=\"1\" class=\"button product_type_variable add_to_cart_button\" data-product_id=\"2894\" data-product_sku=\"\" aria-label=\"S\u00e9lectionner les options pour &ldquo;Blue Tshirt&rdquo;\" rel=\"nofollow\">Choix des options<\/a>\t<span id=\"woocommerce_loop_add_to_cart_link_describedby_2894\" class=\"screen-reader-text\">\n\t\tCe produit a plusieurs variations. Les options peuvent \u00eatre choisies sur la page du produit\t<\/span>\n<\/li>\n<\/ul>\n<\/div><\/div>\n\t\t\t\t\t\t<\/div>\n\t\t\t\t<\/div>\n\t\t\t\t\t<\/div>\n\t\t\t\t<\/div>\n\t\t\t\t<\/div>\n\t\t","protected":false},"excerpt":{"rendered":"<p>Collection Hommes Les accessoires La boutique Homme<\/p>\n","protected":false},"author":1,"featured_media":0,"parent":0,"menu_order":0,"comment_status":"closed","ping_status":"closed","template":"","meta":{"_vp_format_video_url":"","_vp_image_focal_point":[],"footnotes":""},"class_list":["post-2630","page","type-page","status-publish","hentry"],"_links":{"self":[{"href":"https:\/\/www.pgweb-formation.com\/exemple-site\/wp-json\/wp\/v2\/pages\/2630","targetHints":{"allow":["GET"]}}],"collection":[{"href":"https:\/\/www.pgweb-formation.com\/exemple-site\/wp-json\/wp\/v2\/pages"}],"about":[{"href":"https:\/\/www.pgweb-formation.com\/exemple-site\/wp-json\/wp\/v2\/types\/page"}],"author":[{"embeddable":true,"href":"https:\/\/www.pgweb-formation.com\/exemple-site\/wp-json\/wp\/v2\/users\/1"}],"replies":[{"embeddable":true,"href":"https:\/\/www.pgweb-formation.com\/exemple-site\/wp-json\/wp\/v2\/comments?post=2630"}],"version-history":[{"count":17,"href":"https:\/\/www.pgweb-formation.com\/exemple-site\/wp-json\/wp\/v2\/pages\/2630\/revisions"}],"predecessor-version":[{"id":2931,"href":"https:\/\/www.pgweb-formation.com\/exemple-site\/wp-json\/wp\/v2\/pages\/2630\/revisions\/2931"}],"wp:attachment":[{"href":"https:\/\/www.pgweb-formation.com\/exemple-site\/wp-json\/wp\/v2\/media?parent=2630"}],"curies":[{"name":"wp","href":"https:\/\/api.w.org\/{rel}","templated":true}]}}