{"id":2639,"date":"2026-01-07T12:11:41","date_gmt":"2026-01-07T11:11:41","guid":{"rendered":"https:\/\/www.pgweb-formation.com\/exemple-site\/?page_id=2639"},"modified":"2026-01-08T10:01:07","modified_gmt":"2026-01-08T09:01:07","slug":"blog","status":"publish","type":"page","link":"https:\/\/www.pgweb-formation.com\/exemple-site\/blog\/","title":{"rendered":"Blog"},"content":{"rendered":"\t\t<div data-elementor-type=\"wp-page\" data-elementor-id=\"2639\" class=\"elementor elementor-2639\">\n\t\t\t\t<div class=\"elementor-element elementor-element-7db58f7d e-flex e-con-boxed wpr-particle-no wpr-jarallax-no wpr-parallax-no wpr-sticky-section-no e-con e-parent\" data-id=\"7db58f7d\" data-element_type=\"container\" data-e-type=\"container\">\n\t\t\t\t\t<div class=\"e-con-inner\">\n\t\t\t\t<div class=\"elementor-element elementor-element-21cb6b53 elementor-grid-4 elementor-grid-tablet-2 elementor-grid-mobile-1 elementor-widget elementor-widget-elementor-blog-posts\" data-id=\"21cb6b53\" data-element_type=\"widget\" data-e-type=\"widget\" data-settings=\"{&quot;columns&quot;:&quot;4&quot;,&quot;columns_tablet&quot;:&quot;2&quot;,&quot;columns_mobile&quot;:&quot;1&quot;}\" data-widget_type=\"elementor-blog-posts.default\">\n\t\t\t\t<div class=\"elementor-widget-container\">\n\t\t\t\t\t\t\t<div class=\"wpcap-grid\">\n\t\t\t\t\t\t<div class=\"wpcap-grid-container elementor-grid wpcap-grid-desktop-4 wpcap-grid-tablet-2 wpcap-grid-mobile-1\">\n\n\t\t\t\t\n        <article id=\"post-2700\" class=\"wpcap-post post-2700 post type-post status-publish format-standard has-post-thumbnail hentry category-non-classe\">\n         \n            <div class=\"post-grid-inner\">\n            \t\n            \t\t\t\t<div class=\"post-grid-thumbnail\">\n\t\t\t\t<a href=\"https:\/\/www.pgweb-formation.com\/exemple-site\/les-12-tendances-mode-du-printemps-ete-2026-decryptees\/\">\n\t\t\t\t\t<img fetchpriority=\"high\" decoding=\"async\" width=\"430\" height=\"630\" src=\"https:\/\/www.pgweb-formation.com\/exemple-site\/wp-content\/uploads\/2026\/01\/titi.jpg\" class=\"attachment-full size-full wp-post-image\" alt=\"\" srcset=\"https:\/\/www.pgweb-formation.com\/exemple-site\/wp-content\/uploads\/2026\/01\/titi.jpg 430w, https:\/\/www.pgweb-formation.com\/exemple-site\/wp-content\/uploads\/2026\/01\/titi-205x300.jpg 205w\" sizes=\"(max-width: 430px) 100vw, 430px\" \/>\t\t\t\t<\/a>\n\t\t\t<\/div>\n        \n                <div class=\"post-grid-text-wrap\">\n               \t\t\t\t<h3 class=\"title\">\n\t\t\t<a href=\"https:\/\/www.pgweb-formation.com\/exemple-site\/les-12-tendances-mode-du-printemps-ete-2026-decryptees\/\">Les 12 tendances mode du printemps-\u00e9t\u00e9 2026 d\u00e9crypt\u00e9es<\/a>\n\t\t<\/h3>\n\t\t\t                \t\t<div class=\"post-grid-meta\">\n\t\t\t\n\t\t\t\t<span class=\"post-date\"><time datetime=\"2026-01-07T18:43:21+01:00\">7 janvier 2026<\/time><\/span>\n\n\t\t\t\t\n\t\t\t\t<span class=\"post-comments\">Aucun commentaire<\/span>\n\n\t\t\t\t\t\t<\/div>\n\t\t\t                \t                \t\t<a class=\"read-more-btn\" href=\"https:\/\/www.pgweb-formation.com\/exemple-site\/les-12-tendances-mode-du-printemps-ete-2026-decryptees\/\">Lire la suite \u00bb<\/a>\n\t\t                <\/div>\n\n            <\/div><!-- .blog-inner -->\n           \n        <\/article>\n\n        \n        <article id=\"post-2687\" class=\"wpcap-post post-2687 post type-post status-publish format-standard has-post-thumbnail hentry category-non-classe\">\n         \n            <div class=\"post-grid-inner\">\n            \t\n            \t\t\t\t<div class=\"post-grid-thumbnail\">\n\t\t\t\t<a href=\"https:\/\/www.pgweb-formation.com\/exemple-site\/la-mode-des-annees-60-la-mini-jupe-les-mods-et-les-hippies\/\">\n\t\t\t\t\t<img decoding=\"async\" width=\"420\" height=\"630\" src=\"https:\/\/www.pgweb-formation.com\/exemple-site\/wp-content\/uploads\/2026\/01\/mods1.jpg\" class=\"attachment-full size-full wp-post-image\" alt=\"\" srcset=\"https:\/\/www.pgweb-formation.com\/exemple-site\/wp-content\/uploads\/2026\/01\/mods1.jpg 420w, https:\/\/www.pgweb-formation.com\/exemple-site\/wp-content\/uploads\/2026\/01\/mods1-200x300.jpg 200w\" sizes=\"(max-width: 420px) 100vw, 420px\" \/>\t\t\t\t<\/a>\n\t\t\t<\/div>\n        \n                <div class=\"post-grid-text-wrap\">\n               \t\t\t\t<h3 class=\"title\">\n\t\t\t<a href=\"https:\/\/www.pgweb-formation.com\/exemple-site\/la-mode-des-annees-60-la-mini-jupe-les-mods-et-les-hippies\/\">La mode des ann\u00e9es 60 : la mini jupe, les Mods et les hippies<\/a>\n\t\t<\/h3>\n\t\t\t                \t\t<div class=\"post-grid-meta\">\n\t\t\t\n\t\t\t\t<span class=\"post-date\"><time datetime=\"2026-01-07T18:32:41+01:00\">7 janvier 2026<\/time><\/span>\n\n\t\t\t\t\n\t\t\t\t<span class=\"post-comments\">Aucun commentaire<\/span>\n\n\t\t\t\t\t\t<\/div>\n\t\t\t                \t                \t\t<a class=\"read-more-btn\" href=\"https:\/\/www.pgweb-formation.com\/exemple-site\/la-mode-des-annees-60-la-mini-jupe-les-mods-et-les-hippies\/\">Lire la suite \u00bb<\/a>\n\t\t                <\/div>\n\n            <\/div><!-- .blog-inner -->\n           \n        <\/article>\n\n        \n        <article id=\"post-2677\" class=\"wpcap-post post-2677 post type-post status-publish format-standard has-post-thumbnail hentry category-non-classe\">\n         \n            <div class=\"post-grid-inner\">\n            \t\n            \t\t\t\t<div class=\"post-grid-thumbnail\">\n\t\t\t\t<a href=\"https:\/\/www.pgweb-formation.com\/exemple-site\/lacoste-sinvite-en-altitude-et-inaugure-ses-nouveaux-terrains-de-padel-a-courchevel\/\">\n\t\t\t\t\t<img decoding=\"async\" width=\"1152\" height=\"1728\" src=\"https:\/\/www.pgweb-formation.com\/exemple-site\/wp-content\/uploads\/2026\/01\/LACOSTE-PADEL-by-@laclefprod-2.webp\" class=\"attachment-full size-full wp-post-image\" alt=\"\" srcset=\"https:\/\/www.pgweb-formation.com\/exemple-site\/wp-content\/uploads\/2026\/01\/LACOSTE-PADEL-by-@laclefprod-2.webp 1152w, https:\/\/www.pgweb-formation.com\/exemple-site\/wp-content\/uploads\/2026\/01\/LACOSTE-PADEL-by-@laclefprod-2-600x900.webp 600w, https:\/\/www.pgweb-formation.com\/exemple-site\/wp-content\/uploads\/2026\/01\/LACOSTE-PADEL-by-@laclefprod-2-200x300.webp 200w, https:\/\/www.pgweb-formation.com\/exemple-site\/wp-content\/uploads\/2026\/01\/LACOSTE-PADEL-by-@laclefprod-2-683x1024.webp 683w, https:\/\/www.pgweb-formation.com\/exemple-site\/wp-content\/uploads\/2026\/01\/LACOSTE-PADEL-by-@laclefprod-2-768x1152.webp 768w, https:\/\/www.pgweb-formation.com\/exemple-site\/wp-content\/uploads\/2026\/01\/LACOSTE-PADEL-by-@laclefprod-2-1024x1536.webp 1024w\" sizes=\"(max-width: 1152px) 100vw, 1152px\" \/>\t\t\t\t<\/a>\n\t\t\t<\/div>\n        \n                <div class=\"post-grid-text-wrap\">\n               \t\t\t\t<h3 class=\"title\">\n\t\t\t<a href=\"https:\/\/www.pgweb-formation.com\/exemple-site\/lacoste-sinvite-en-altitude-et-inaugure-ses-nouveaux-terrains-de-padel-a-courchevel\/\">Lacoste s\u2019invite en altitude et inaugure ses nouveaux terrains de padel \u00e0 Courchevel<\/a>\n\t\t<\/h3>\n\t\t\t                \t\t<div class=\"post-grid-meta\">\n\t\t\t\n\t\t\t\t<span class=\"post-date\"><time datetime=\"2026-01-07T18:25:03+01:00\">7 janvier 2026<\/time><\/span>\n\n\t\t\t\t\n\t\t\t\t<span class=\"post-comments\">Aucun commentaire<\/span>\n\n\t\t\t\t\t\t<\/div>\n\t\t\t                \t                \t\t<a class=\"read-more-btn\" href=\"https:\/\/www.pgweb-formation.com\/exemple-site\/lacoste-sinvite-en-altitude-et-inaugure-ses-nouveaux-terrains-de-padel-a-courchevel\/\">Lire la suite \u00bb<\/a>\n\t\t                <\/div>\n\n            <\/div><!-- .blog-inner -->\n           \n        <\/article>\n\n        \n        <article id=\"post-2659\" class=\"wpcap-post post-2659 post type-post status-publish format-standard has-post-thumbnail hentry category-non-classe\">\n         \n            <div class=\"post-grid-inner\">\n            \t\n            \t\t\t\t<div class=\"post-grid-thumbnail\">\n\t\t\t\t<a href=\"https:\/\/www.pgweb-formation.com\/exemple-site\/pourquoi-lequation-jean-veste-en-cuir-va-seduire-toutes-les-francaises-en-2026\/\">\n\t\t\t\t\t<img loading=\"lazy\" decoding=\"async\" width=\"1707\" height=\"2560\" src=\"https:\/\/www.pgweb-formation.com\/exemple-site\/wp-content\/uploads\/2026\/01\/image1-scaled.webp\" class=\"attachment-full size-full wp-post-image\" alt=\"\" srcset=\"https:\/\/www.pgweb-formation.com\/exemple-site\/wp-content\/uploads\/2026\/01\/image1-scaled.webp 1707w, https:\/\/www.pgweb-formation.com\/exemple-site\/wp-content\/uploads\/2026\/01\/image1-scaled-600x900.webp 600w, https:\/\/www.pgweb-formation.com\/exemple-site\/wp-content\/uploads\/2026\/01\/image1-200x300.webp 200w, https:\/\/www.pgweb-formation.com\/exemple-site\/wp-content\/uploads\/2026\/01\/image1-683x1024.webp 683w, https:\/\/www.pgweb-formation.com\/exemple-site\/wp-content\/uploads\/2026\/01\/image1-768x1152.webp 768w, https:\/\/www.pgweb-formation.com\/exemple-site\/wp-content\/uploads\/2026\/01\/image1-1024x1536.webp 1024w, https:\/\/www.pgweb-formation.com\/exemple-site\/wp-content\/uploads\/2026\/01\/image1-1365x2048.webp 1365w\" sizes=\"(max-width: 1707px) 100vw, 1707px\" \/>\t\t\t\t<\/a>\n\t\t\t<\/div>\n        \n                <div class=\"post-grid-text-wrap\">\n               \t\t\t\t<h3 class=\"title\">\n\t\t\t<a href=\"https:\/\/www.pgweb-formation.com\/exemple-site\/pourquoi-lequation-jean-veste-en-cuir-va-seduire-toutes-les-francaises-en-2026\/\">Pourquoi l&rsquo;\u00e9quation jean + veste en cuir va s\u00e9duire toutes les Fran\u00e7aises en 2026<\/a>\n\t\t<\/h3>\n\t\t\t                \t\t<div class=\"post-grid-meta\">\n\t\t\t\n\t\t\t\t<span class=\"post-date\"><time datetime=\"2026-01-07T12:27:44+01:00\">7 janvier 2026<\/time><\/span>\n\n\t\t\t\t\n\t\t\t\t<span class=\"post-comments\">Aucun commentaire<\/span>\n\n\t\t\t\t\t\t<\/div>\n\t\t\t                \t                \t\t<a class=\"read-more-btn\" href=\"https:\/\/www.pgweb-formation.com\/exemple-site\/pourquoi-lequation-jean-veste-en-cuir-va-seduire-toutes-les-francaises-en-2026\/\">Lire la suite \u00bb<\/a>\n\t\t                <\/div>\n\n            <\/div><!-- .blog-inner -->\n           \n        <\/article>\n\n        \n\t\t\t<\/div>\n\t\t<\/div>\n\t\t\t\t\t\t<\/div>\n\t\t\t\t<\/div>\n\t\t\t\t\t<\/div>\n\t\t\t\t<\/div>\n\t\t\t\t<\/div>\n\t\t","protected":false},"excerpt":{"rendered":"<p>Les 12 tendances mode du printemps-\u00e9t\u00e9 2026 d\u00e9crypt\u00e9es 7 janvier 2026 Aucun commentaire Lire la suite \u00bb La mode des ann\u00e9es 60 : la mini jupe, les Mods et les hippies 7 janvier 2026 Aucun commentaire Lire la suite \u00bb Lacoste s\u2019invite en altitude et inaugure ses nouveaux terrains de padel \u00e0 Courchevel 7 janvier 2026 Aucun commentaire Lire la suite \u00bb Pourquoi l&rsquo;\u00e9quation jean + veste en cuir va s\u00e9duire toutes les Fran\u00e7aises en 2026 7 janvier 2026 Aucun commentaire Lire la suite \u00bb<\/p>\n","protected":false},"author":1,"featured_media":0,"parent":0,"menu_order":0,"comment_status":"closed","ping_status":"closed","template":"","meta":{"_vp_format_video_url":"","_vp_image_focal_point":[],"footnotes":""},"class_list":["post-2639","page","type-page","status-publish","hentry"],"_links":{"self":[{"href":"https:\/\/www.pgweb-formation.com\/exemple-site\/wp-json\/wp\/v2\/pages\/2639","targetHints":{"allow":["GET"]}}],"collection":[{"href":"https:\/\/www.pgweb-formation.com\/exemple-site\/wp-json\/wp\/v2\/pages"}],"about":[{"href":"https:\/\/www.pgweb-formation.com\/exemple-site\/wp-json\/wp\/v2\/types\/page"}],"author":[{"embeddable":true,"href":"https:\/\/www.pgweb-formation.com\/exemple-site\/wp-json\/wp\/v2\/users\/1"}],"replies":[{"embeddable":true,"href":"https:\/\/www.pgweb-formation.com\/exemple-site\/wp-json\/wp\/v2\/comments?post=2639"}],"version-history":[{"count":4,"href":"https:\/\/www.pgweb-formation.com\/exemple-site\/wp-json\/wp\/v2\/pages\/2639\/revisions"}],"predecessor-version":[{"id":2736,"href":"https:\/\/www.pgweb-formation.com\/exemple-site\/wp-json\/wp\/v2\/pages\/2639\/revisions\/2736"}],"wp:attachment":[{"href":"https:\/\/www.pgweb-formation.com\/exemple-site\/wp-json\/wp\/v2\/media?parent=2639"}],"curies":[{"name":"wp","href":"https:\/\/api.w.org\/{rel}","templated":true}]}}