{"id":2768,"date":"2026-01-08T10:31:14","date_gmt":"2026-01-08T09:31:14","guid":{"rendered":"https:\/\/www.pgweb-formation.com\/exemple-site\/?page_id=2768"},"modified":"2026-01-08T10:33:22","modified_gmt":"2026-01-08T09:33:22","slug":"mentions-legales","status":"publish","type":"page","link":"https:\/\/www.pgweb-formation.com\/exemple-site\/mentions-legales\/","title":{"rendered":"Mentions l\u00e9gales"},"content":{"rendered":"\t\t<div data-elementor-type=\"wp-page\" data-elementor-id=\"2768\" class=\"elementor elementor-2768\">\n\t\t\t\t<div class=\"elementor-element elementor-element-89e8ef9 e-flex e-con-boxed wpr-particle-no wpr-jarallax-no wpr-parallax-no wpr-sticky-section-no e-con e-parent\" data-id=\"89e8ef9\" data-element_type=\"container\" data-e-type=\"container\">\n\t\t\t\t\t<div class=\"e-con-inner\">\n\t\t\t\t<div class=\"elementor-element elementor-element-355a929 elementor-widget elementor-widget-text-editor\" data-id=\"355a929\" data-element_type=\"widget\" data-e-type=\"widget\" data-widget_type=\"text-editor.default\">\n\t\t\t\t<div class=\"elementor-widget-container\">\n\t\t\t\t\t\t\t\t\t<h2 class=\"wp-block-heading\">Conception, d\u00e9veloppement et r\u00e9alisation du site<\/h2><p class=\"voyelle__adresse\">Local Business<br \/>11 Avenue des peupliers<br \/>35 510 Cesson S\u00e9vign\u00e9<\/p><h2 class=\"wp-block-heading\">H\u00e9bergement :<\/h2><p class=\"voyelle__hebergeur\">SCALEWAY SAS<br \/>BP 438 \u2013 75366 PARIS CEDEX 08<br \/>www.online.net<br \/>Tel : +33(0)1 84 13 00 00<\/p><h2 class=\"wp-block-heading\">Donn\u00e9es nominatives :<\/h2><p>En application de la Loi n\u00b0 78-17 du 6 janvier 1978 relative \u00e0 l\u2019Informatique, aux Fichiers et aux Libert\u00e9s, vous disposez des droits d\u2019opposition (art. 26 de la loi), d\u2019acc\u00e8s (art.34 \u00e0 38 de la loi) et de rectification (art. 36 de la loi) des donn\u00e9es vous concernant. Ainsi, vous pouvez nous contacter pour que soient rectifi\u00e9es, compl\u00e9t\u00e9es, mises \u00e0 jour ou effac\u00e9es les informations vous concernant qui sont inexactes, incompl\u00e8tes, \u00e9quivoques, p\u00e9rim\u00e9es ou dont la collecte ou l\u2019utilisation, la communication ou la conservation est interdite. Les informations qui vous concernent sont uniquement destin\u00e9es \u00e0 Local Business. Nous ne transmettons ces informations \u00e0 aucun tiers (partenaires commerciaux, etc).<\/p><h2 class=\"wp-block-heading\">Plate-forme de gestion de contenu :<\/h2><p>WordPress<\/p><h2 class=\"wp-block-heading\">Copie de pages du site :<\/h2><p>La copie de pages du site est soumise \u00e0 l\u2019autorisation de son r\u00e9dacteur en chef.<\/p><h2 class=\"wp-block-heading\">Cr\u00e9ation de liens avec le site :<\/h2><p>La cr\u00e9ation de liens avec le site est soumise \u00e0 l\u2019autorisation de son r\u00e9dacteur en chef.<\/p>\t\t\t\t\t\t\t\t<\/div>\n\t\t\t\t<\/div>\n\t\t\t\t\t<\/div>\n\t\t\t\t<\/div>\n\t\t\t\t<\/div>\n\t\t","protected":false},"excerpt":{"rendered":"<p>Conception, d\u00e9veloppement et r\u00e9alisation du site Local Business11 Avenue des peupliers35 510 Cesson S\u00e9vign\u00e9 H\u00e9bergement : SCALEWAY SASBP 438 \u2013 75366 PARIS CEDEX 08www.online.netTel : +33(0)1 84 13 00 00 Donn\u00e9es nominatives : En application de la Loi n\u00b0 78-17 du 6 janvier 1978 relative \u00e0 l\u2019Informatique, aux Fichiers et aux Libert\u00e9s, vous disposez des droits d\u2019opposition (art. 26 de la loi), d\u2019acc\u00e8s (art.34 \u00e0 38 de la loi) et de rectification (art. 36 de la loi) des donn\u00e9es vous concernant. Ainsi, vous pouvez nous contacter pour que soient rectifi\u00e9es, compl\u00e9t\u00e9es, mises \u00e0 jour ou effac\u00e9es les informations vous concernant qui sont inexactes, incompl\u00e8tes, \u00e9quivoques, p\u00e9rim\u00e9es ou dont la collecte ou l\u2019utilisation, la communication ou la conservation est interdite. Les informations qui vous concernent sont uniquement destin\u00e9es \u00e0 Local Business. Nous ne transmettons ces informations \u00e0 aucun tiers (partenaires commerciaux, etc). Plate-forme de gestion de contenu : WordPress Copie de pages du site : La copie de pages du site est soumise \u00e0 l\u2019autorisation de son r\u00e9dacteur en chef. Cr\u00e9ation de liens avec le site : La cr\u00e9ation de liens avec le site est soumise \u00e0 l\u2019autorisation de son r\u00e9dacteur en chef.<\/p>\n","protected":false},"author":1,"featured_media":0,"parent":0,"menu_order":0,"comment_status":"closed","ping_status":"closed","template":"","meta":{"_vp_format_video_url":"","_vp_image_focal_point":[],"footnotes":""},"class_list":["post-2768","page","type-page","status-publish","hentry"],"_links":{"self":[{"href":"https:\/\/www.pgweb-formation.com\/exemple-site\/wp-json\/wp\/v2\/pages\/2768","targetHints":{"allow":["GET"]}}],"collection":[{"href":"https:\/\/www.pgweb-formation.com\/exemple-site\/wp-json\/wp\/v2\/pages"}],"about":[{"href":"https:\/\/www.pgweb-formation.com\/exemple-site\/wp-json\/wp\/v2\/types\/page"}],"author":[{"embeddable":true,"href":"https:\/\/www.pgweb-formation.com\/exemple-site\/wp-json\/wp\/v2\/users\/1"}],"replies":[{"embeddable":true,"href":"https:\/\/www.pgweb-formation.com\/exemple-site\/wp-json\/wp\/v2\/comments?post=2768"}],"version-history":[{"count":7,"href":"https:\/\/www.pgweb-formation.com\/exemple-site\/wp-json\/wp\/v2\/pages\/2768\/revisions"}],"predecessor-version":[{"id":2775,"href":"https:\/\/www.pgweb-formation.com\/exemple-site\/wp-json\/wp\/v2\/pages\/2768\/revisions\/2775"}],"wp:attachment":[{"href":"https:\/\/www.pgweb-formation.com\/exemple-site\/wp-json\/wp\/v2\/media?parent=2768"}],"curies":[{"name":"wp","href":"https:\/\/api.w.org\/{rel}","templated":true}]}}