{"id":3,"date":"2025-11-19T10:55:05","date_gmt":"2025-11-19T09:55:05","guid":{"rendered":"https:\/\/www.pgweb-formation.com\/exemple-site\/?page_id=3"},"modified":"2026-01-08T10:39:38","modified_gmt":"2026-01-08T09:39:38","slug":"politique-de-confidentialite","status":"publish","type":"page","link":"https:\/\/www.pgweb-formation.com\/exemple-site\/politique-de-confidentialite\/","title":{"rendered":"Politique de confidentialit\u00e9"},"content":{"rendered":"\t\t<div data-elementor-type=\"wp-page\" data-elementor-id=\"3\" class=\"elementor elementor-3\">\n\t\t\t\t<div class=\"elementor-element elementor-element-30407f38 e-flex e-con-boxed wpr-particle-no wpr-jarallax-no wpr-parallax-no wpr-sticky-section-no e-con e-parent\" data-id=\"30407f38\" data-element_type=\"container\" data-e-type=\"container\">\n\t\t\t\t\t<div class=\"e-con-inner\">\n\t\t\t\t<div class=\"elementor-element elementor-element-7c1ce6e5 elementor-widget elementor-widget-text-editor\" data-id=\"7c1ce6e5\" data-element_type=\"widget\" data-e-type=\"widget\" data-widget_type=\"text-editor.default\">\n\t\t\t\t<div class=\"elementor-widget-container\">\n\t\t\t\t\t\t\t\t\t<h2 class=\"wp-block-heading\">1. Informations g\u00e9n\u00e9rales\u00a0<\/h2>\n<p><strong>Local Business<\/strong>\u00a0est susceptible de recueillir, conserver et utiliser les informations concernant les internautes, leur activit\u00e9 sur le site et\/ou leurs informations de connexion. Elles ne sont pas\u00a0pas\u00a0communiqu\u00e9es \u00e0 des tiers, ni \u00e0 des fins de prospection commerciales\u00a0<\/p>\n<p>La collecte et le traitement des donn\u00e9es des internautes sont conformes \u00e0 la l\u00e9gislation en vigueur. Elles ne sont pas conserv\u00e9es au-del\u00e0 de la dur\u00e9e n\u00e9cessaire \u00e0 la gestion des missions du site.\u00a0<\/p>\n<h2 class=\"wp-block-heading\">2. Formulaires\u00a0<\/h2>\n<p>Concernant les formulaires, <strong>Local Business<\/strong>\u00a0limite la collecte des donn\u00e9es personnelles au strict n\u00e9cessaire et indique aux internautes :\u00a0<\/p>\n<ul class=\"wp-block-list\">\n<li>l\u2019objectif\u00a0du recueil de ces donn\u00e9es (finalit\u00e9);\u00a0<\/li>\n<li>si\u00a0ces donn\u00e9es sont obligatoires ou facultatives pour la gestion de votre demande ;\u00a0<\/li>\n<li>qui pourra en prendre connaissance (uniquement <strong>Local Business<\/strong>, sauf pr\u00e9cision contraire dans le formulaire lorsqu\u2019une transmission \u00e0 un tiers est strictement n\u00e9cessaire pour la gestion de votre demande)\u00a0;\u00a0<\/li>\n<li>les droits \u00ab donn\u00e9es personnelles \u00bb (notamment d\u2019opposition, d\u2019acc\u00e8s, de rectification et la fa\u00e7on de les exercer) aupr\u00e8s de <strong>Local Business<\/strong>.\u00a0\u00a0<\/li>\n<\/ul>\n<h2 class=\"wp-block-heading\">3. Exercice des droits de l\u2019internaute\u00a0<\/h2>\n<p>Pour toute information relative \u00e0 l\u2019exercice des droits de l\u2019internaute sur les fichiers g\u00e9r\u00e9s par le site,<strong> Local Business<\/strong>\u00a0peut \u00eatre contact\u00e9 :\u00a0<\/p>\n<ul class=\"wp-block-list\">\n<li>par\u00a0courriel \u00e0\u00a0<a class=\"\" href=\"mailto:info@Local Business.fr\">info@Local Business.fr<\/a>\u00a0<\/li>\n<li>ou\u00a0par courrier sign\u00e9 accompagn\u00e9 de la copie d\u2019un titre d\u2019identit\u00e9 \u00e0 l\u2019adresse suivante :\u00a0<br \/>3D rue de Paris<br \/>35510 Cesson-Sevign\u00e9<\/li>\n<\/ul>\n<h2 class=\"wp-block-heading\">4. Cookies et mesure d\u2019audience\u00a0<\/h2>\n<p><strong>Local Business<\/strong> utilise des cookies sur le site destin\u00e9 \u00e0 la mesure d\u2019audience.\u00a0<\/p>\n<p>Un \u201ccookie\u201d est un fichier de taille limit\u00e9e, g\u00e9n\u00e9ralement constitu\u00e9 de lettres et de chiffres, envoy\u00e9 par le serveur internet au fichier cookie du navigateur situ\u00e9 sur le disque dur de votre ordinateur. Il a pour but de collecter des informations relatives \u00e0 la navigation de\u00a0l\u2019internaute\u00a0et de lui dresser des services adapt\u00e9s \u00e0 son terminal (ordinateur, mobile ou tablette).\u00a0<\/p>\n<p>Afin d\u2019am\u00e9liorer le site, <strong>Local Business<\/strong>\u00a0mesure le nombre de pages vues, le nombre de visites, ainsi que l\u2019activit\u00e9 des visiteurs sur le site et leur fr\u00e9quence de retour gr\u00e2ce \u00e0 Google Analytics.\u00a0\u00a0<\/p>\n<p>L\u2019internaute\u00a0peut d\u00e9cider \u00e0 tout moment de choisir de d\u00e9sactiver les cookies via le param\u00e9trage de son navigateur ou\u00a0en cliquant sur \u201cnon\u201d dans\u00a0le message relatif \u00e0 l\u2019acceptation des cookies visible d\u00e8s votre premi\u00e8re visite.\u00a0<\/p>\t\t\t\t\t\t\t\t<\/div>\n\t\t\t\t<\/div>\n\t\t\t\t\t<\/div>\n\t\t\t\t<\/div>\n\t\t\t\t<\/div>\n\t\t","protected":false},"excerpt":{"rendered":"<p>1. Informations g\u00e9n\u00e9rales\u00a0 Local Business\u00a0est susceptible de recueillir, conserver et utiliser les informations concernant les internautes, leur activit\u00e9 sur le site et\/ou leurs informations de connexion. Elles ne sont pas\u00a0pas\u00a0communiqu\u00e9es \u00e0 des tiers, ni \u00e0 des fins de prospection commerciales\u00a0 La collecte et le traitement des donn\u00e9es des internautes sont conformes \u00e0 la l\u00e9gislation en vigueur. Elles ne sont pas conserv\u00e9es au-del\u00e0 de la dur\u00e9e n\u00e9cessaire \u00e0 la gestion des missions du site.\u00a0 2. Formulaires\u00a0 Concernant les formulaires, Local Business\u00a0limite la collecte des donn\u00e9es personnelles au strict n\u00e9cessaire et indique aux internautes :\u00a0 l\u2019objectif\u00a0du recueil de ces donn\u00e9es (finalit\u00e9);\u00a0 si\u00a0ces donn\u00e9es sont obligatoires ou facultatives pour la gestion de votre demande ;\u00a0 qui pourra en prendre connaissance (uniquement Local Business, sauf pr\u00e9cision contraire dans le formulaire lorsqu\u2019une transmission \u00e0 un tiers est strictement n\u00e9cessaire pour la gestion de votre demande)\u00a0;\u00a0 les droits \u00ab donn\u00e9es personnelles \u00bb (notamment d\u2019opposition, d\u2019acc\u00e8s, de rectification et la fa\u00e7on de les exercer) aupr\u00e8s de Local Business.\u00a0\u00a0 3. Exercice des droits de l\u2019internaute\u00a0 Pour toute information relative \u00e0 l\u2019exercice des droits de l\u2019internaute sur les fichiers g\u00e9r\u00e9s par le site, Local Business\u00a0peut \u00eatre contact\u00e9 :\u00a0 par\u00a0courriel \u00e0\u00a0info@Local Business.fr\u00a0 ou\u00a0par courrier sign\u00e9 accompagn\u00e9 de la copie d\u2019un titre d\u2019identit\u00e9 \u00e0 l\u2019adresse suivante :\u00a03D rue de Paris35510 Cesson-Sevign\u00e9 4. Cookies et mesure d\u2019audience\u00a0 Local Business utilise des cookies sur le site destin\u00e9 \u00e0 la mesure d\u2019audience.\u00a0 Un \u201ccookie\u201d est un fichier de taille limit\u00e9e, g\u00e9n\u00e9ralement constitu\u00e9 de lettres et de chiffres, envoy\u00e9 par le serveur internet au fichier cookie du navigateur situ\u00e9 sur le disque dur de votre ordinateur. Il a pour but de collecter des informations relatives \u00e0 la navigation de\u00a0l\u2019internaute\u00a0et de lui dresser des services adapt\u00e9s \u00e0 son terminal (ordinateur, mobile ou tablette).\u00a0 Afin d\u2019am\u00e9liorer le site, Local Business\u00a0mesure le nombre de pages vues, le nombre de visites, ainsi que l\u2019activit\u00e9 des visiteurs sur le site et leur fr\u00e9quence de retour gr\u00e2ce \u00e0 Google Analytics.\u00a0\u00a0 L\u2019internaute\u00a0peut d\u00e9cider \u00e0 tout moment de choisir de d\u00e9sactiver les cookies via le param\u00e9trage de son navigateur ou\u00a0en cliquant sur \u201cnon\u201d dans\u00a0le message relatif \u00e0 l\u2019acceptation des cookies visible d\u00e8s votre premi\u00e8re visite.\u00a0<\/p>\n","protected":false},"author":1,"featured_media":0,"parent":0,"menu_order":0,"comment_status":"closed","ping_status":"open","template":"","meta":{"_vp_format_video_url":"","_vp_image_focal_point":[],"footnotes":""},"class_list":["post-3","page","type-page","status-publish","hentry"],"_links":{"self":[{"href":"https:\/\/www.pgweb-formation.com\/exemple-site\/wp-json\/wp\/v2\/pages\/3","targetHints":{"allow":["GET"]}}],"collection":[{"href":"https:\/\/www.pgweb-formation.com\/exemple-site\/wp-json\/wp\/v2\/pages"}],"about":[{"href":"https:\/\/www.pgweb-formation.com\/exemple-site\/wp-json\/wp\/v2\/types\/page"}],"author":[{"embeddable":true,"href":"https:\/\/www.pgweb-formation.com\/exemple-site\/wp-json\/wp\/v2\/users\/1"}],"replies":[{"embeddable":true,"href":"https:\/\/www.pgweb-formation.com\/exemple-site\/wp-json\/wp\/v2\/comments?post=3"}],"version-history":[{"count":3,"href":"https:\/\/www.pgweb-formation.com\/exemple-site\/wp-json\/wp\/v2\/pages\/3\/revisions"}],"predecessor-version":[{"id":2781,"href":"https:\/\/www.pgweb-formation.com\/exemple-site\/wp-json\/wp\/v2\/pages\/3\/revisions\/2781"}],"wp:attachment":[{"href":"https:\/\/www.pgweb-formation.com\/exemple-site\/wp-json\/wp\/v2\/media?parent=3"}],"curies":[{"name":"wp","href":"https:\/\/api.w.org\/{rel}","templated":true}]}}